{"id":5,"date":"2011-08-10T07:33:11","date_gmt":"2011-08-10T07:33:11","guid":{"rendered":"http:\/\/www.sanglas-ig.de\/?page_id=5"},"modified":"2019-09-08T14:41:00","modified_gmt":"2019-09-08T14:41:00","slug":"die-sanglas-ig","status":"publish","type":"page","link":"https:\/\/sanglas-ig.de\/?page_id=5","title":{"rendered":"Sanglas-IG"},"content":{"rendered":"<h3 style=\"text-align: center;\"><strong><em>Wir \u00fcber uns<br><\/em><\/strong><\/h3>\n<h3>Wir sind ein loser Zusammenschlu\u00df von Motorradfahrern und -innen, die aus den verschiedensten Gr\u00fcnden Interesse an SANGLAS-Motorr\u00e4dern haben. Die einen k\u00f6nnen die Finger garnicht tief genug in den Eingeweiden haben und die anderen m\u00f6gen den Klang und wieder andere sollen sogar das Design m\u00f6gen.Wir haben uns zur Sanglas Interessengemeinschaft (<strong>Sanglas-IG<\/strong>) den <strong>Sanglas Freunden Deutschland <\/strong>zusammengeschlossen, um Erfahrungen auszutauschen und die vom Aussterben bedrohte Art zu erhalten.Wie bei jeder Gemeinschaft gibt es auch bei uns ein paar tragende Elemente:<\/h3>\n<p>&nbsp;<\/p>\n<h2 style=\"text-align: left;\"><span style=\"font-family: Arial;\"><span style=\"color: #0000ff;\">&nbsp;&nbsp;&nbsp;&nbsp;&nbsp;&nbsp;&nbsp;&nbsp;&nbsp;&nbsp; &nbsp;IG-Leitung&nbsp;&nbsp;&nbsp;<\/span>&nbsp;&nbsp;&nbsp;&nbsp;&nbsp;&nbsp;&nbsp;&nbsp; Markus Ferstl <\/span><\/h2>\n<h3 style=\"text-align: left;\"><span style=\"font-family: Arial;\">&nbsp;&nbsp;&nbsp;&nbsp;&nbsp;&nbsp;&nbsp;&nbsp;&nbsp;&nbsp;&nbsp;&nbsp;&nbsp;&nbsp;&nbsp;&nbsp;&nbsp;&nbsp;&nbsp;&nbsp;&nbsp;&nbsp;&nbsp;&nbsp;&nbsp;&nbsp;&nbsp;&nbsp;&nbsp;&nbsp;&nbsp;&nbsp;&nbsp;&nbsp;&nbsp;&nbsp;&nbsp;&nbsp;&nbsp; &nbsp;<\/span>Martinstra\u00dfe 46,&nbsp;<\/h3>\n<h3 style=\"text-align: left;\">&nbsp; &nbsp; &nbsp; &nbsp; &nbsp; &nbsp; &nbsp; &nbsp; &nbsp; &nbsp; &nbsp; &nbsp; &nbsp; &nbsp; &nbsp; &nbsp; &nbsp; &nbsp; &nbsp; &nbsp; &nbsp; &nbsp; 89581 Heidenheim<\/h3>\n<h3 style=\"text-align: left;\">&nbsp;&nbsp;&nbsp;&nbsp;&nbsp;&nbsp;&nbsp;&nbsp;&nbsp;&nbsp;&nbsp;&nbsp;&nbsp;&nbsp;&nbsp;&nbsp;&nbsp;&nbsp;&nbsp;&nbsp;&nbsp;&nbsp;&nbsp;&nbsp;&nbsp;&nbsp;&nbsp;&nbsp;&nbsp;&nbsp;&nbsp;&nbsp;&nbsp;&nbsp;&nbsp;&nbsp;&nbsp;&nbsp;&nbsp;&nbsp; <span style=\"text-decoration: underline;\"><a href=\"mailto:irimar@web.de&nbsp;\">irimar@web.de<\/a><\/span><\/h3>\n<h2><span style=\"color: #0000ff;\">&nbsp; &nbsp;&nbsp; &nbsp;&nbsp; Technische Hilfe<\/span>&nbsp;&nbsp;&nbsp;&nbsp;&nbsp;&nbsp; IG \u2013 Mitglieder<\/h2>\n<p>&nbsp;<\/p>\n<h2><span style=\"color: #0000ff;\">&nbsp;&nbsp;&nbsp; &nbsp;&nbsp;&nbsp;&nbsp; Info \u2013 Erstellung<\/span>&nbsp;&nbsp;&nbsp;&nbsp;&nbsp;&nbsp; Ernst Henke<\/h2>\n<p>&nbsp;<\/p>\n<h2><span style=\"color: #0000ff;\">&nbsp;&nbsp;&nbsp;&nbsp;&nbsp;&nbsp;&nbsp;&nbsp;&nbsp;&nbsp;&nbsp;&nbsp;&nbsp;Ersatzteile<\/span><span style=\"font-family: Arial;\"><span style=\"color: #0000ff;\">&nbsp;&nbsp;&nbsp;<\/span>&nbsp;&nbsp;&nbsp;&nbsp;&nbsp;&nbsp;&nbsp;&nbsp; <\/span><span style=\"font-family: Arial;\">Stefan Fink GbR<\/span><\/h2>\n<h3>&nbsp;&nbsp;&nbsp;&nbsp;&nbsp;&nbsp;&nbsp;&nbsp;&nbsp;&nbsp;&nbsp;&nbsp;&nbsp;&nbsp;&nbsp;&nbsp;&nbsp;&nbsp;&nbsp;&nbsp;&nbsp;&nbsp;&nbsp;&nbsp;&nbsp;&nbsp;&nbsp;&nbsp;&nbsp;&nbsp;&nbsp;&nbsp;&nbsp;&nbsp;&nbsp;&nbsp;&nbsp;&nbsp;&nbsp;&nbsp;&nbsp; <span style=\"font-family: Arial;\">Trollingerweg 1, <\/span><\/h3>\n<h3><span style=\"font-family: Arial;\">&nbsp; &nbsp; &nbsp; &nbsp; &nbsp; &nbsp; &nbsp; &nbsp; &nbsp; &nbsp; &nbsp; &nbsp; &nbsp; &nbsp; &nbsp; &nbsp; &nbsp; &nbsp; &nbsp; &nbsp; 71720 Oberstenfeld<\/span><\/h3>\n<h3><span style=\"font-family: Arial;\">&nbsp;&nbsp;&nbsp;&nbsp;&nbsp;&nbsp;&nbsp;&nbsp;&nbsp;&nbsp;&nbsp;&nbsp;&nbsp;&nbsp;&nbsp;&nbsp;&nbsp;&nbsp;&nbsp;&nbsp;&nbsp;&nbsp;&nbsp;&nbsp;&nbsp;&nbsp;&nbsp;&nbsp;&nbsp;&nbsp;&nbsp;&nbsp;&nbsp;&nbsp;&nbsp;&nbsp;&nbsp;&nbsp;&nbsp;&nbsp;&nbsp; Mobil: +49 (0) 176 43757390 (Neu)<br><\/span><\/h3>\n<h3>&nbsp;&nbsp;&nbsp;&nbsp;&nbsp;&nbsp;&nbsp;&nbsp;&nbsp;&nbsp;&nbsp;&nbsp;&nbsp;&nbsp;&nbsp;&nbsp;&nbsp;&nbsp;&nbsp;&nbsp;&nbsp;&nbsp;&nbsp;&nbsp;&nbsp;&nbsp;&nbsp;&nbsp;&nbsp;&nbsp;&nbsp;&nbsp;&nbsp;&nbsp;&nbsp;&nbsp;&nbsp;&nbsp;&nbsp;&nbsp;&nbsp; <a href=\"mailto:finkstefan@freenet.de\"><span style=\"font-family: Arial;\">finkstefan@freenet.de<\/span><\/a><\/h3>\n<h4>&nbsp;&nbsp;&nbsp;&nbsp;&nbsp;&nbsp;&nbsp;&nbsp;&nbsp;&nbsp;&nbsp;&nbsp;&nbsp;&nbsp;&nbsp;&nbsp;&nbsp;&nbsp;&nbsp;&nbsp;&nbsp;&nbsp;&nbsp;&nbsp;&nbsp;&nbsp;&nbsp;&nbsp;&nbsp;&nbsp;&nbsp;&nbsp;&nbsp;&nbsp;&nbsp;&nbsp;&nbsp;&nbsp;&nbsp;&nbsp;&nbsp;&nbsp;&nbsp;&nbsp;&nbsp;&nbsp; &nbsp;&nbsp;&nbsp; &nbsp;ab 19:00 Uhr erreichbar<\/h4>\n<h2><span style=\"font-family: Times New Roman; font-size: small;\">&nbsp;&nbsp;&nbsp;&nbsp;&nbsp;&nbsp;&nbsp;&nbsp;&nbsp;&nbsp;&nbsp;&nbsp; <\/span><span style=\"color: #008000;\"><strong><em><span style=\"text-decoration: underline;\">Wer &nbsp;Mitglied werden will, kann sich an Markus wenden.<\/span><\/em><\/strong><\/span><\/h2>\n\n\n<p><\/p>\n","protected":false},"excerpt":{"rendered":"<p>Wir \u00fcber uns Wir sind ein loser Zusammenschlu\u00df von Motorradfahrern und -innen, die aus den verschiedensten Gr\u00fcnden Interesse an SANGLAS-Motorr\u00e4dern haben. Die einen k\u00f6nnen die Finger garnicht tief genug in den Eingeweiden haben und die anderen m\u00f6gen den Klang und wieder andere sollen sogar das Design m\u00f6gen.Wir haben uns zur Sanglas Interessengemeinschaft (Sanglas-IG) den Sanglas [&hellip;]<\/p>\n","protected":false},"author":1,"featured_media":0,"parent":0,"menu_order":2,"comment_status":"open","ping_status":"open","template":"","meta":{"ngg_post_thumbnail":0,"footnotes":""},"class_list":["post-5","page","type-page","status-publish","hentry"],"_links":{"self":[{"href":"https:\/\/sanglas-ig.de\/index.php?rest_route=\/wp\/v2\/pages\/5","targetHints":{"allow":["GET"]}}],"collection":[{"href":"https:\/\/sanglas-ig.de\/index.php?rest_route=\/wp\/v2\/pages"}],"about":[{"href":"https:\/\/sanglas-ig.de\/index.php?rest_route=\/wp\/v2\/types\/page"}],"author":[{"embeddable":true,"href":"https:\/\/sanglas-ig.de\/index.php?rest_route=\/wp\/v2\/users\/1"}],"replies":[{"embeddable":true,"href":"https:\/\/sanglas-ig.de\/index.php?rest_route=%2Fwp%2Fv2%2Fcomments&post=5"}],"version-history":[{"count":47,"href":"https:\/\/sanglas-ig.de\/index.php?rest_route=\/wp\/v2\/pages\/5\/revisions"}],"predecessor-version":[{"id":1541,"href":"https:\/\/sanglas-ig.de\/index.php?rest_route=\/wp\/v2\/pages\/5\/revisions\/1541"}],"wp:attachment":[{"href":"https:\/\/sanglas-ig.de\/index.php?rest_route=%2Fwp%2Fv2%2Fmedia&parent=5"}],"curies":[{"name":"wp","href":"https:\/\/api.w.org\/{rel}","templated":true}]}}